{"id":368,"date":"2026-04-14T13:41:38","date_gmt":"2026-04-14T13:41:38","guid":{"rendered":"https:\/\/test.dktduisburg.de\/?page_id=368"},"modified":"2026-04-22T14:15:57","modified_gmt":"2026-04-22T14:15:57","slug":"karriere","status":"publish","type":"page","link":"https:\/\/www.dktduisburg.de\/?page_id=368","title":{"rendered":"KARRIERE"},"content":{"rendered":"\n<h1 class=\"wp-block-heading\">KARRIERE<\/h1>\n\n\n\n<h2 class=\"wp-block-heading\">Aktuell keine offenen Stellen<\/h2>\n\n\n\n<p>Derzeit haben wir keine offenen Stellen zu besetzen. Wir freuen uns jedoch \u00fcber Initiativbewerbungen und werden uns bei passenden Gelegenheiten gerne bei Ihnen melden.<\/p>\n\n\n\n<p>\u00dcber uns<\/p>\n\n\n\n<p>Das DKT Duisburg Kombiterminal GmbH ist eine Tochtergesellschaft in der Bertschi-Gruppe. Bertschi als ein Marktf\u00fchrer in der Logistikbranche, spezialisiert auf intermodale Dienstleistungen f\u00fcr die chemische Industrie mit Hauptsitz in der Schweiz ist mit \u00fcber 3.200 Mitarbeitenden in 38 L\u00e4ndern weltweit vertreten. Jeden Tag arbeiten wir daran, die innovativsten und nachhaltigsten Logistikl\u00f6sungen f\u00fcr unsere globalen Kunden anzubieten.<\/p>\n\n\n\n<div class=\"wp-block-columns is-layout-flex wp-container-core-columns-is-layout-9d6595d7 wp-block-columns-is-layout-flex\">\n<div class=\"wp-block-column is-layout-flow wp-block-column-is-layout-flow\">\n<h2 class=\"wp-block-heading\">Ansprechpartner<\/h2>\n\n\n\n<p>Dirk Beranek<br><strong>Betriebsleiter<\/strong><br>+49 2065 83 999 154<br>+49 178 600 2888<br><a href=\"mailto:dirk.beranek@bertschi.com\">dirk.beranek@bertschi.com<\/a><\/p>\n<\/div>\n\n\n\n<div class=\"wp-block-column is-layout-flow wp-block-column-is-layout-flow\">\n<h2 class=\"wp-block-heading\">Adresse<\/h2>\n\n\n\n<p><strong>DKT<\/strong><br>Duisburg<br>Kombiterminal GmbH<br>Rotterdamerstr. 49<br>47229 Duisburg<\/p>\n<\/div>\n<\/div>\n","protected":false},"excerpt":{"rendered":"<p>KARRIERE Aktuell keine offenen Stellen Derzeit haben wir keine offenen Stellen zu besetzen. Wir freuen uns jedoch \u00fcber Initiativbewerbungen und werden uns bei passenden Gelegenheiten gerne bei Ihnen melden. \u00dcber uns Das DKT Duisburg Kombiterminal GmbH ist eine Tochtergesellschaft in der Bertschi-Gruppe. Bertschi als ein Marktf\u00fchrer in der Logistikbranche, spezialisiert auf intermodale Dienstleistungen f\u00fcr die [&hellip;]<\/p>\n","protected":false},"author":1,"featured_media":0,"parent":0,"menu_order":0,"comment_status":"closed","ping_status":"closed","template":"templates\/template-full-no-title.php","meta":{"footnotes":""},"class_list":["post-368","page","type-page","status-publish","hentry"],"_links":{"self":[{"href":"https:\/\/www.dktduisburg.de\/index.php?rest_route=\/wp\/v2\/pages\/368","targetHints":{"allow":["GET"]}}],"collection":[{"href":"https:\/\/www.dktduisburg.de\/index.php?rest_route=\/wp\/v2\/pages"}],"about":[{"href":"https:\/\/www.dktduisburg.de\/index.php?rest_route=\/wp\/v2\/types\/page"}],"author":[{"embeddable":true,"href":"https:\/\/www.dktduisburg.de\/index.php?rest_route=\/wp\/v2\/users\/1"}],"replies":[{"embeddable":true,"href":"https:\/\/www.dktduisburg.de\/index.php?rest_route=%2Fwp%2Fv2%2Fcomments&post=368"}],"version-history":[{"count":4,"href":"https:\/\/www.dktduisburg.de\/index.php?rest_route=\/wp\/v2\/pages\/368\/revisions"}],"predecessor-version":[{"id":377,"href":"https:\/\/www.dktduisburg.de\/index.php?rest_route=\/wp\/v2\/pages\/368\/revisions\/377"}],"wp:attachment":[{"href":"https:\/\/www.dktduisburg.de\/index.php?rest_route=%2Fwp%2Fv2%2Fmedia&parent=368"}],"curies":[{"name":"wp","href":"https:\/\/api.w.org\/{rel}","templated":true}]}}