{"id":5,"date":"2025-09-18T08:30:34","date_gmt":"2025-09-18T08:30:34","guid":{"rendered":"https:\/\/test.str-terminal.de\/?page_id=5"},"modified":"2026-04-22T14:43:04","modified_gmt":"2026-04-22T14:43:04","slug":"home","status":"publish","type":"page","link":"https:\/\/www.dktduisburg.de\/","title":{"rendered":"Home"},"content":{"rendered":"\n<h1 class=\"wp-block-heading has-text-align-center\" id=\"DIENSTLEISTUNGEN\">DIENSTLEISTUNGEN<\/h1>\n\n\n\n<div class=\"wp-block-columns is-layout-flex wp-container-core-columns-is-layout-9d6595d7 wp-block-columns-is-layout-flex\">\n<div class=\"wp-block-column is-layout-flow wp-block-column-is-layout-flow\">\n<ul style=\"font-style:normal;font-weight:700\" class=\"wp-block-list has-medium-font-size\">\n<li>Beratung<\/li>\n\n\n\n<li>Logistikl\u00f6sungen<\/li>\n\n\n\n<li>Vorladekonzepte<\/li>\n<\/ul>\n<\/div>\n\n\n\n<div class=\"wp-block-column is-layout-flow wp-block-column-is-layout-flow\">\n<ul style=\"font-style:normal;font-weight:700\" class=\"wp-block-list has-medium-font-size\">\n<li>Intermodale Verkehre<\/li>\n\n\n\n<li>Transportdokumente<\/li>\n\n\n\n<li>Containerlagerung<\/li>\n<\/ul>\n<\/div>\n\n\n\n<div class=\"wp-block-column is-layout-flow wp-block-column-is-layout-flow\">\n<ul style=\"font-style:normal;font-weight:700\" class=\"wp-block-list has-medium-font-size\">\n<li>Be- und Entladung<\/li>\n\n\n\n<li>Umschlag<\/li>\n\n\n\n<li>Ausr\u00fcstung Inliner-Container<\/li>\n<\/ul>\n<\/div>\n<\/div>\n\n\n\n<hr class=\"wp-block-separator has-alpha-channel-opacity\"\/>\n\n\n\n<div style=\"height:50px\" aria-hidden=\"true\" class=\"wp-block-spacer\"><\/div>\n\n\n\n<h1 class=\"wp-block-heading has-text-align-center\" id=\"FOTOS\">FOTOS<\/h1>\n\n\n\n<figure class=\"wp-block-gallery has-nested-images columns-3 is-cropped wp-block-gallery-1 is-layout-flex wp-block-gallery-is-layout-flex\">\n<figure data-wp-context=\"{&quot;imageId&quot;:&quot;69ea11aa0621c&quot;}\" data-wp-interactive=\"core\/image\" data-wp-key=\"69ea11aa0621c\" class=\"wp-block-image size-full is-style-default wp-lightbox-container\"><img loading=\"lazy\" decoding=\"async\" width=\"800\" height=\"419\" data-wp-class--hide=\"state.isContentHidden\" data-wp-class--show=\"state.isContentVisible\" data-wp-init=\"callbacks.setButtonStyles\" data-wp-on--click=\"actions.showLightbox\" data-wp-on--load=\"callbacks.setButtonStyles\" data-wp-on-window--resize=\"callbacks.setButtonStyles\" data-id=\"327\" src=\"https:\/\/www.dktduisburg.de\/wp-content\/uploads\/2026\/04\/12.jpg\" alt=\"\" class=\"wp-image-327\" style=\"aspect-ratio:16\/9\" srcset=\"https:\/\/www.dktduisburg.de\/wp-content\/uploads\/2026\/04\/12.jpg 800w, https:\/\/www.dktduisburg.de\/wp-content\/uploads\/2026\/04\/12-300x157.jpg 300w, https:\/\/www.dktduisburg.de\/wp-content\/uploads\/2026\/04\/12-768x402.jpg 768w\" sizes=\"auto, (max-width: 800px) 100vw, 800px\" \/><button\n\t\t\tclass=\"lightbox-trigger\"\n\t\t\ttype=\"button\"\n\t\t\taria-haspopup=\"dialog\"\n\t\t\taria-label=\"Enlarge\"\n\t\t\tdata-wp-init=\"callbacks.initTriggerButton\"\n\t\t\tdata-wp-on--click=\"actions.showLightbox\"\n\t\t\tdata-wp-style--right=\"state.imageButtonRight\"\n\t\t\tdata-wp-style--top=\"state.imageButtonTop\"\n\t\t>\n\t\t\t<svg xmlns=\"http:\/\/www.w3.org\/2000\/svg\" width=\"12\" height=\"12\" fill=\"none\" viewBox=\"0 0 12 12\">\n\t\t\t\t<path fill=\"#fff\" d=\"M2 0a2 2 0 0 0-2 2v2h1.5V2a.5.5 0 0 1 .5-.5h2V0H2Zm2 10.5H2a.5.5 0 0 1-.5-.5V8H0v2a2 2 0 0 0 2 2h2v-1.5ZM8 12v-1.5h2a.5.5 0 0 0 .5-.5V8H12v2a2 2 0 0 1-2 2H8Zm2-12a2 2 0 0 1 2 2v2h-1.5V2a.5.5 0 0 0-.5-.5H8V0h2Z\" \/>\n\t\t\t<\/svg>\n\t\t<\/button><\/figure>\n\n\n\n<figure data-wp-context=\"{&quot;imageId&quot;:&quot;69ea11aa06733&quot;}\" data-wp-interactive=\"core\/image\" data-wp-key=\"69ea11aa06733\" class=\"wp-block-image size-full wp-lightbox-container\"><img loading=\"lazy\" decoding=\"async\" width=\"800\" height=\"534\" data-wp-class--hide=\"state.isContentHidden\" data-wp-class--show=\"state.isContentVisible\" data-wp-init=\"callbacks.setButtonStyles\" data-wp-on--click=\"actions.showLightbox\" data-wp-on--load=\"callbacks.setButtonStyles\" data-wp-on-window--resize=\"callbacks.setButtonStyles\" data-id=\"317\" src=\"https:\/\/www.dktduisburg.de\/wp-content\/uploads\/2026\/04\/2.jpg\" alt=\"\" class=\"wp-image-317\" style=\"aspect-ratio:16\/9\" srcset=\"https:\/\/www.dktduisburg.de\/wp-content\/uploads\/2026\/04\/2.jpg 800w, https:\/\/www.dktduisburg.de\/wp-content\/uploads\/2026\/04\/2-300x200.jpg 300w, https:\/\/www.dktduisburg.de\/wp-content\/uploads\/2026\/04\/2-768x513.jpg 768w\" sizes=\"auto, (max-width: 800px) 100vw, 800px\" \/><button\n\t\t\tclass=\"lightbox-trigger\"\n\t\t\ttype=\"button\"\n\t\t\taria-haspopup=\"dialog\"\n\t\t\taria-label=\"Enlarge\"\n\t\t\tdata-wp-init=\"callbacks.initTriggerButton\"\n\t\t\tdata-wp-on--click=\"actions.showLightbox\"\n\t\t\tdata-wp-style--right=\"state.imageButtonRight\"\n\t\t\tdata-wp-style--top=\"state.imageButtonTop\"\n\t\t>\n\t\t\t<svg xmlns=\"http:\/\/www.w3.org\/2000\/svg\" width=\"12\" height=\"12\" fill=\"none\" viewBox=\"0 0 12 12\">\n\t\t\t\t<path fill=\"#fff\" d=\"M2 0a2 2 0 0 0-2 2v2h1.5V2a.5.5 0 0 1 .5-.5h2V0H2Zm2 10.5H2a.5.5 0 0 1-.5-.5V8H0v2a2 2 0 0 0 2 2h2v-1.5ZM8 12v-1.5h2a.5.5 0 0 0 .5-.5V8H12v2a2 2 0 0 1-2 2H8Zm2-12a2 2 0 0 1 2 2v2h-1.5V2a.5.5 0 0 0-.5-.5H8V0h2Z\" \/>\n\t\t\t<\/svg>\n\t\t<\/button><\/figure>\n\n\n\n<figure data-wp-context=\"{&quot;imageId&quot;:&quot;69ea11aa06c96&quot;}\" data-wp-interactive=\"core\/image\" data-wp-key=\"69ea11aa06c96\" class=\"wp-block-image size-full wp-lightbox-container\"><img loading=\"lazy\" decoding=\"async\" width=\"400\" height=\"600\" data-wp-class--hide=\"state.isContentHidden\" data-wp-class--show=\"state.isContentVisible\" data-wp-init=\"callbacks.setButtonStyles\" data-wp-on--click=\"actions.showLightbox\" data-wp-on--load=\"callbacks.setButtonStyles\" data-wp-on-window--resize=\"callbacks.setButtonStyles\" data-id=\"318\" src=\"https:\/\/www.dktduisburg.de\/wp-content\/uploads\/2026\/04\/3.jpg\" alt=\"\" class=\"wp-image-318\" style=\"aspect-ratio:16\/9\" srcset=\"https:\/\/www.dktduisburg.de\/wp-content\/uploads\/2026\/04\/3.jpg 400w, https:\/\/www.dktduisburg.de\/wp-content\/uploads\/2026\/04\/3-200x300.jpg 200w\" sizes=\"auto, (max-width: 400px) 100vw, 400px\" \/><button\n\t\t\tclass=\"lightbox-trigger\"\n\t\t\ttype=\"button\"\n\t\t\taria-haspopup=\"dialog\"\n\t\t\taria-label=\"Enlarge\"\n\t\t\tdata-wp-init=\"callbacks.initTriggerButton\"\n\t\t\tdata-wp-on--click=\"actions.showLightbox\"\n\t\t\tdata-wp-style--right=\"state.imageButtonRight\"\n\t\t\tdata-wp-style--top=\"state.imageButtonTop\"\n\t\t>\n\t\t\t<svg xmlns=\"http:\/\/www.w3.org\/2000\/svg\" width=\"12\" height=\"12\" fill=\"none\" viewBox=\"0 0 12 12\">\n\t\t\t\t<path fill=\"#fff\" d=\"M2 0a2 2 0 0 0-2 2v2h1.5V2a.5.5 0 0 1 .5-.5h2V0H2Zm2 10.5H2a.5.5 0 0 1-.5-.5V8H0v2a2 2 0 0 0 2 2h2v-1.5ZM8 12v-1.5h2a.5.5 0 0 0 .5-.5V8H12v2a2 2 0 0 1-2 2H8Zm2-12a2 2 0 0 1 2 2v2h-1.5V2a.5.5 0 0 0-.5-.5H8V0h2Z\" \/>\n\t\t\t<\/svg>\n\t\t<\/button><\/figure>\n\n\n\n<figure data-wp-context=\"{&quot;imageId&quot;:&quot;69ea11aa07146&quot;}\" data-wp-interactive=\"core\/image\" data-wp-key=\"69ea11aa07146\" class=\"wp-block-image size-full wp-lightbox-container\"><img loading=\"lazy\" decoding=\"async\" width=\"800\" height=\"534\" data-wp-class--hide=\"state.isContentHidden\" data-wp-class--show=\"state.isContentVisible\" data-wp-init=\"callbacks.setButtonStyles\" data-wp-on--click=\"actions.showLightbox\" data-wp-on--load=\"callbacks.setButtonStyles\" data-wp-on-window--resize=\"callbacks.setButtonStyles\" data-id=\"321\" src=\"https:\/\/www.dktduisburg.de\/wp-content\/uploads\/2026\/04\/6.jpg\" alt=\"\" class=\"wp-image-321\" style=\"aspect-ratio:16\/9\" srcset=\"https:\/\/www.dktduisburg.de\/wp-content\/uploads\/2026\/04\/6.jpg 800w, https:\/\/www.dktduisburg.de\/wp-content\/uploads\/2026\/04\/6-300x200.jpg 300w, https:\/\/www.dktduisburg.de\/wp-content\/uploads\/2026\/04\/6-768x513.jpg 768w\" sizes=\"auto, (max-width: 800px) 100vw, 800px\" \/><button\n\t\t\tclass=\"lightbox-trigger\"\n\t\t\ttype=\"button\"\n\t\t\taria-haspopup=\"dialog\"\n\t\t\taria-label=\"Enlarge\"\n\t\t\tdata-wp-init=\"callbacks.initTriggerButton\"\n\t\t\tdata-wp-on--click=\"actions.showLightbox\"\n\t\t\tdata-wp-style--right=\"state.imageButtonRight\"\n\t\t\tdata-wp-style--top=\"state.imageButtonTop\"\n\t\t>\n\t\t\t<svg xmlns=\"http:\/\/www.w3.org\/2000\/svg\" width=\"12\" height=\"12\" fill=\"none\" viewBox=\"0 0 12 12\">\n\t\t\t\t<path fill=\"#fff\" d=\"M2 0a2 2 0 0 0-2 2v2h1.5V2a.5.5 0 0 1 .5-.5h2V0H2Zm2 10.5H2a.5.5 0 0 1-.5-.5V8H0v2a2 2 0 0 0 2 2h2v-1.5ZM8 12v-1.5h2a.5.5 0 0 0 .5-.5V8H12v2a2 2 0 0 1-2 2H8Zm2-12a2 2 0 0 1 2 2v2h-1.5V2a.5.5 0 0 0-.5-.5H8V0h2Z\" \/>\n\t\t\t<\/svg>\n\t\t<\/button><\/figure>\n\n\n\n<figure data-wp-context=\"{&quot;imageId&quot;:&quot;69ea11aa076bf&quot;}\" data-wp-interactive=\"core\/image\" data-wp-key=\"69ea11aa076bf\" class=\"wp-block-image size-full wp-lightbox-container\"><img loading=\"lazy\" decoding=\"async\" width=\"800\" height=\"534\" data-wp-class--hide=\"state.isContentHidden\" data-wp-class--show=\"state.isContentVisible\" data-wp-init=\"callbacks.setButtonStyles\" data-wp-on--click=\"actions.showLightbox\" data-wp-on--load=\"callbacks.setButtonStyles\" data-wp-on-window--resize=\"callbacks.setButtonStyles\" data-id=\"323\" src=\"https:\/\/www.dktduisburg.de\/wp-content\/uploads\/2026\/04\/8.jpg\" alt=\"\" class=\"wp-image-323\" style=\"aspect-ratio:16\/9\" srcset=\"https:\/\/www.dktduisburg.de\/wp-content\/uploads\/2026\/04\/8.jpg 800w, https:\/\/www.dktduisburg.de\/wp-content\/uploads\/2026\/04\/8-300x200.jpg 300w, https:\/\/www.dktduisburg.de\/wp-content\/uploads\/2026\/04\/8-768x513.jpg 768w\" sizes=\"auto, (max-width: 800px) 100vw, 800px\" \/><button\n\t\t\tclass=\"lightbox-trigger\"\n\t\t\ttype=\"button\"\n\t\t\taria-haspopup=\"dialog\"\n\t\t\taria-label=\"Enlarge\"\n\t\t\tdata-wp-init=\"callbacks.initTriggerButton\"\n\t\t\tdata-wp-on--click=\"actions.showLightbox\"\n\t\t\tdata-wp-style--right=\"state.imageButtonRight\"\n\t\t\tdata-wp-style--top=\"state.imageButtonTop\"\n\t\t>\n\t\t\t<svg xmlns=\"http:\/\/www.w3.org\/2000\/svg\" width=\"12\" height=\"12\" fill=\"none\" viewBox=\"0 0 12 12\">\n\t\t\t\t<path fill=\"#fff\" d=\"M2 0a2 2 0 0 0-2 2v2h1.5V2a.5.5 0 0 1 .5-.5h2V0H2Zm2 10.5H2a.5.5 0 0 1-.5-.5V8H0v2a2 2 0 0 0 2 2h2v-1.5ZM8 12v-1.5h2a.5.5 0 0 0 .5-.5V8H12v2a2 2 0 0 1-2 2H8Zm2-12a2 2 0 0 1 2 2v2h-1.5V2a.5.5 0 0 0-.5-.5H8V0h2Z\" \/>\n\t\t\t<\/svg>\n\t\t<\/button><\/figure>\n\n\n\n<figure data-wp-context=\"{&quot;imageId&quot;:&quot;69ea11aa07bf0&quot;}\" data-wp-interactive=\"core\/image\" data-wp-key=\"69ea11aa07bf0\" class=\"wp-block-image size-full wp-lightbox-container\"><img loading=\"lazy\" decoding=\"async\" width=\"800\" height=\"534\" data-wp-class--hide=\"state.isContentHidden\" data-wp-class--show=\"state.isContentVisible\" data-wp-init=\"callbacks.setButtonStyles\" data-wp-on--click=\"actions.showLightbox\" data-wp-on--load=\"callbacks.setButtonStyles\" data-wp-on-window--resize=\"callbacks.setButtonStyles\" data-id=\"324\" src=\"https:\/\/www.dktduisburg.de\/wp-content\/uploads\/2026\/04\/9.jpg\" alt=\"\" class=\"wp-image-324\" style=\"aspect-ratio:16\/9\" srcset=\"https:\/\/www.dktduisburg.de\/wp-content\/uploads\/2026\/04\/9.jpg 800w, https:\/\/www.dktduisburg.de\/wp-content\/uploads\/2026\/04\/9-300x200.jpg 300w, https:\/\/www.dktduisburg.de\/wp-content\/uploads\/2026\/04\/9-768x513.jpg 768w\" sizes=\"auto, (max-width: 800px) 100vw, 800px\" \/><button\n\t\t\tclass=\"lightbox-trigger\"\n\t\t\ttype=\"button\"\n\t\t\taria-haspopup=\"dialog\"\n\t\t\taria-label=\"Enlarge\"\n\t\t\tdata-wp-init=\"callbacks.initTriggerButton\"\n\t\t\tdata-wp-on--click=\"actions.showLightbox\"\n\t\t\tdata-wp-style--right=\"state.imageButtonRight\"\n\t\t\tdata-wp-style--top=\"state.imageButtonTop\"\n\t\t>\n\t\t\t<svg xmlns=\"http:\/\/www.w3.org\/2000\/svg\" width=\"12\" height=\"12\" fill=\"none\" viewBox=\"0 0 12 12\">\n\t\t\t\t<path fill=\"#fff\" d=\"M2 0a2 2 0 0 0-2 2v2h1.5V2a.5.5 0 0 1 .5-.5h2V0H2Zm2 10.5H2a.5.5 0 0 1-.5-.5V8H0v2a2 2 0 0 0 2 2h2v-1.5ZM8 12v-1.5h2a.5.5 0 0 0 .5-.5V8H12v2a2 2 0 0 1-2 2H8Zm2-12a2 2 0 0 1 2 2v2h-1.5V2a.5.5 0 0 0-.5-.5H8V0h2Z\" \/>\n\t\t\t<\/svg>\n\t\t<\/button><\/figure>\n\n\n\n<figure data-wp-context=\"{&quot;imageId&quot;:&quot;69ea11aa0812e&quot;}\" data-wp-interactive=\"core\/image\" data-wp-key=\"69ea11aa0812e\" class=\"wp-block-image size-full wp-lightbox-container\"><img loading=\"lazy\" decoding=\"async\" width=\"534\" height=\"800\" data-wp-class--hide=\"state.isContentHidden\" data-wp-class--show=\"state.isContentVisible\" data-wp-init=\"callbacks.setButtonStyles\" data-wp-on--click=\"actions.showLightbox\" data-wp-on--load=\"callbacks.setButtonStyles\" data-wp-on-window--resize=\"callbacks.setButtonStyles\" data-id=\"322\" src=\"https:\/\/www.dktduisburg.de\/wp-content\/uploads\/2026\/04\/7.jpg\" alt=\"\" class=\"wp-image-322\" style=\"aspect-ratio:16\/9\" srcset=\"https:\/\/www.dktduisburg.de\/wp-content\/uploads\/2026\/04\/7.jpg 534w, https:\/\/www.dktduisburg.de\/wp-content\/uploads\/2026\/04\/7-200x300.jpg 200w\" sizes=\"auto, (max-width: 534px) 100vw, 534px\" \/><button\n\t\t\tclass=\"lightbox-trigger\"\n\t\t\ttype=\"button\"\n\t\t\taria-haspopup=\"dialog\"\n\t\t\taria-label=\"Enlarge\"\n\t\t\tdata-wp-init=\"callbacks.initTriggerButton\"\n\t\t\tdata-wp-on--click=\"actions.showLightbox\"\n\t\t\tdata-wp-style--right=\"state.imageButtonRight\"\n\t\t\tdata-wp-style--top=\"state.imageButtonTop\"\n\t\t>\n\t\t\t<svg xmlns=\"http:\/\/www.w3.org\/2000\/svg\" width=\"12\" height=\"12\" fill=\"none\" viewBox=\"0 0 12 12\">\n\t\t\t\t<path fill=\"#fff\" d=\"M2 0a2 2 0 0 0-2 2v2h1.5V2a.5.5 0 0 1 .5-.5h2V0H2Zm2 10.5H2a.5.5 0 0 1-.5-.5V8H0v2a2 2 0 0 0 2 2h2v-1.5ZM8 12v-1.5h2a.5.5 0 0 0 .5-.5V8H12v2a2 2 0 0 1-2 2H8Zm2-12a2 2 0 0 1 2 2v2h-1.5V2a.5.5 0 0 0-.5-.5H8V0h2Z\" \/>\n\t\t\t<\/svg>\n\t\t<\/button><\/figure>\n\n\n\n<figure data-wp-context=\"{&quot;imageId&quot;:&quot;69ea11aa08657&quot;}\" data-wp-interactive=\"core\/image\" data-wp-key=\"69ea11aa08657\" class=\"wp-block-image size-full wp-lightbox-container\"><img loading=\"lazy\" decoding=\"async\" width=\"800\" height=\"600\" data-wp-class--hide=\"state.isContentHidden\" data-wp-class--show=\"state.isContentVisible\" data-wp-init=\"callbacks.setButtonStyles\" data-wp-on--click=\"actions.showLightbox\" data-wp-on--load=\"callbacks.setButtonStyles\" data-wp-on-window--resize=\"callbacks.setButtonStyles\" data-id=\"325\" src=\"https:\/\/www.dktduisburg.de\/wp-content\/uploads\/2026\/04\/10.jpg\" alt=\"\" class=\"wp-image-325\" style=\"aspect-ratio:16\/9\" srcset=\"https:\/\/www.dktduisburg.de\/wp-content\/uploads\/2026\/04\/10.jpg 800w, https:\/\/www.dktduisburg.de\/wp-content\/uploads\/2026\/04\/10-300x225.jpg 300w, https:\/\/www.dktduisburg.de\/wp-content\/uploads\/2026\/04\/10-768x576.jpg 768w\" sizes=\"auto, (max-width: 800px) 100vw, 800px\" \/><button\n\t\t\tclass=\"lightbox-trigger\"\n\t\t\ttype=\"button\"\n\t\t\taria-haspopup=\"dialog\"\n\t\t\taria-label=\"Enlarge\"\n\t\t\tdata-wp-init=\"callbacks.initTriggerButton\"\n\t\t\tdata-wp-on--click=\"actions.showLightbox\"\n\t\t\tdata-wp-style--right=\"state.imageButtonRight\"\n\t\t\tdata-wp-style--top=\"state.imageButtonTop\"\n\t\t>\n\t\t\t<svg xmlns=\"http:\/\/www.w3.org\/2000\/svg\" width=\"12\" height=\"12\" fill=\"none\" viewBox=\"0 0 12 12\">\n\t\t\t\t<path fill=\"#fff\" d=\"M2 0a2 2 0 0 0-2 2v2h1.5V2a.5.5 0 0 1 .5-.5h2V0H2Zm2 10.5H2a.5.5 0 0 1-.5-.5V8H0v2a2 2 0 0 0 2 2h2v-1.5ZM8 12v-1.5h2a.5.5 0 0 0 .5-.5V8H12v2a2 2 0 0 1-2 2H8Zm2-12a2 2 0 0 1 2 2v2h-1.5V2a.5.5 0 0 0-.5-.5H8V0h2Z\" \/>\n\t\t\t<\/svg>\n\t\t<\/button><\/figure>\n\n\n\n<figure data-wp-context=\"{&quot;imageId&quot;:&quot;69ea11aa08aa0&quot;}\" data-wp-interactive=\"core\/image\" data-wp-key=\"69ea11aa08aa0\" class=\"wp-block-image size-full wp-lightbox-container\"><img loading=\"lazy\" decoding=\"async\" width=\"800\" height=\"600\" data-wp-class--hide=\"state.isContentHidden\" data-wp-class--show=\"state.isContentVisible\" data-wp-init=\"callbacks.setButtonStyles\" data-wp-on--click=\"actions.showLightbox\" data-wp-on--load=\"callbacks.setButtonStyles\" data-wp-on-window--resize=\"callbacks.setButtonStyles\" data-id=\"326\" src=\"https:\/\/www.dktduisburg.de\/wp-content\/uploads\/2026\/04\/11.jpg\" alt=\"\" class=\"wp-image-326\" style=\"aspect-ratio:16\/9\" srcset=\"https:\/\/www.dktduisburg.de\/wp-content\/uploads\/2026\/04\/11.jpg 800w, https:\/\/www.dktduisburg.de\/wp-content\/uploads\/2026\/04\/11-300x225.jpg 300w, https:\/\/www.dktduisburg.de\/wp-content\/uploads\/2026\/04\/11-768x576.jpg 768w\" sizes=\"auto, (max-width: 800px) 100vw, 800px\" \/><button\n\t\t\tclass=\"lightbox-trigger\"\n\t\t\ttype=\"button\"\n\t\t\taria-haspopup=\"dialog\"\n\t\t\taria-label=\"Enlarge\"\n\t\t\tdata-wp-init=\"callbacks.initTriggerButton\"\n\t\t\tdata-wp-on--click=\"actions.showLightbox\"\n\t\t\tdata-wp-style--right=\"state.imageButtonRight\"\n\t\t\tdata-wp-style--top=\"state.imageButtonTop\"\n\t\t>\n\t\t\t<svg xmlns=\"http:\/\/www.w3.org\/2000\/svg\" width=\"12\" height=\"12\" fill=\"none\" viewBox=\"0 0 12 12\">\n\t\t\t\t<path fill=\"#fff\" d=\"M2 0a2 2 0 0 0-2 2v2h1.5V2a.5.5 0 0 1 .5-.5h2V0H2Zm2 10.5H2a.5.5 0 0 1-.5-.5V8H0v2a2 2 0 0 0 2 2h2v-1.5ZM8 12v-1.5h2a.5.5 0 0 0 .5-.5V8H12v2a2 2 0 0 1-2 2H8Zm2-12a2 2 0 0 1 2 2v2h-1.5V2a.5.5 0 0 0-.5-.5H8V0h2Z\" \/>\n\t\t\t<\/svg>\n\t\t<\/button><\/figure>\n<\/figure>\n\n\n\n<div style=\"height:50px\" aria-hidden=\"true\" class=\"wp-block-spacer\"><\/div>\n\n\n\n<hr class=\"wp-block-separator has-alpha-channel-opacity\"\/>\n\n\n\n<div style=\"height:50px\" aria-hidden=\"true\" class=\"wp-block-spacer\"><\/div>\n\n\n\n<h1 class=\"wp-block-heading has-text-align-center\" id=\"NEWS\">NEWS<\/h1>\n\n\n<ul class=\"wp-block-latest-posts__list has-dates wp-block-latest-posts\"><li><a class=\"wp-block-latest-posts__post-title\" href=\"https:\/\/www.dktduisburg.de\/?p=289\">DKT Duisburg Kombi-Terminal optimiert sichere Chemie-Logistik f\u00fcr Gefahrstoffe<\/a><time datetime=\"2014-10-22T09:09:00+00:00\" class=\"wp-block-latest-posts__post-date\">October 22, 2014<\/time><div class=\"wp-block-latest-posts__post-excerpt\">Duisburg\/D\u00fcrren\u00e4sch, 22. Oktober 2014 &#8211; DKT Duisburg wird seine Chemie-Logistik optimieren und Gefahrgut-Transporte vermehrt von der Stra\u00dfe auf die Schiene verlagern. Geplant ist das bestehende Bahnterminal in logport I im\u2026 <a class=\"wp-block-latest-posts__read-more\" href=\"https:\/\/www.dktduisburg.de\/?p=289\" rel=\"noopener noreferrer\">Read more<span class=\"screen-reader-text\">: DKT Duisburg Kombi-Terminal optimiert sichere Chemie-Logistik f\u00fcr Gefahrstoffe<\/span><\/a><\/div><\/li>\n<li><a class=\"wp-block-latest-posts__post-title\" href=\"https:\/\/www.dktduisburg.de\/?p=355\">Bertschi baut DKT Duisburg mit zweitem Portalkran zur KV-Drehscheibe aus<\/a><time datetime=\"2011-06-21T13:20:00+00:00\" class=\"wp-block-latest-posts__post-date\">June 21, 2011<\/time><div class=\"wp-block-latest-posts__post-excerpt\">Vor zwei Jahren haben wir im Hafengel\u00e4nde Logport 1 in Duisburg ein neues KV-Terminal &#8211; genannt DKT Duisburg &#8211; er\u00f6ffnet. Wir planen, diesen Standort schrittweise zu einer Dreh- scheibe f\u00fcr\u2026 <a class=\"wp-block-latest-posts__read-more\" href=\"https:\/\/www.dktduisburg.de\/?p=355\" rel=\"noopener noreferrer\">Read more<span class=\"screen-reader-text\">: Bertschi baut DKT Duisburg mit zweitem Portalkran zur KV-Drehscheibe aus<\/span><\/a><\/div><\/li>\n<\/ul>\n\n\n<div style=\"height:50px\" aria-hidden=\"true\" class=\"wp-block-spacer\"><\/div>\n\n\n\n<hr class=\"wp-block-separator has-alpha-channel-opacity\"\/>\n\n\n\n<div style=\"height:50px\" aria-hidden=\"true\" class=\"wp-block-spacer\"><\/div>\n\n\n\n<h1 class=\"wp-block-heading has-text-align-center\" id=\"KONTAKTIEREN-SIE-UNS\">KONTAKTIEREN SIE UNS<\/h1>\n\n\n\n<div class=\"wp-block-columns is-layout-flex wp-container-core-columns-is-layout-9d6595d7 wp-block-columns-is-layout-flex\">\n<div class=\"wp-block-column is-layout-flow wp-block-column-is-layout-flow\">\n<h3 class=\"wp-block-heading\">Unsere Adresse<\/h3>\n\n\n\n<p>DKT Duisburg Kombiterminal GmbH<br>Rotterdamer Str. 49<br>Hafen 7715<br>D &#8211; 47229 Duisburg<\/p>\n<\/div>\n\n\n\n<div class=\"wp-block-column is-layout-flow wp-block-column-is-layout-flow\">\n<h3 class=\"wp-block-heading\">Zentrale<\/h3>\n\n\n\n<p>Tel.: +49 \/ 2065 89350 200<br>Fax: +49 \/ 2065 89350 201<br>Mail:&nbsp;<a href=\"mailto:rail@dktduisburg.de\" target=\"_blank\" rel=\"noreferrer noopener\">rail@dktduisburg.de<\/a><\/p>\n<\/div>\n<\/div>\n\n\n\n<div class=\"wp-block-columns is-layout-flex wp-container-core-columns-is-layout-9d6595d7 wp-block-columns-is-layout-flex\">\n<div class=\"wp-block-column is-layout-flow wp-block-column-is-layout-flow\">\n<h3 class=\"wp-block-heading\">\u00d6ffnungszeiten<\/h3>\n\n\n\n<p>Montag &#8211; Freitag: 06:00 &#8211; 21:00h<br>Samstag nach Abstimmung<\/p>\n<\/div>\n<\/div>\n\n\n\n<div class=\"wp-block-columns is-layout-flex wp-container-core-columns-is-layout-9d6595d7 wp-block-columns-is-layout-flex\">\n<div class=\"wp-block-column is-layout-flow wp-block-column-is-layout-flow\">\n<h3 class=\"wp-block-heading\">Betriebsleitung<\/h3>\n\n\n\n<p>Dirk Beranek<br>Telefon +49 \/ 2065 839 99 154<br>Telefax +49 \/ 2065 839 99 156<br><\/p>\n<\/div>\n\n\n\n<div class=\"wp-block-column is-layout-flow wp-block-column-is-layout-flow\">\n<h3 class=\"wp-block-heading\">Gesch\u00e4ftsleitung<\/h3>\n\n\n\n<p>Robin Gehlen<br>Telefon +49 \/ 2065 83 999 151<br>Telefax +49 \/ 2065 83 999 152<br><\/p>\n<\/div>\n<\/div>\n\n\n\n<div style=\"height:50px\" aria-hidden=\"true\" class=\"wp-block-spacer\"><\/div>\n\n\n\n<div class=\"wp-block-cover is-light is-repeated\" style=\"min-height:300px;aspect-ratio:unset;\"><div class=\"wp-block-cover__image-background wp-image-381 size-full is-repeated\" style=\"background-position:50% 15%;background-image:url(https:\/\/www.dktduisburg.de\/wp-content\/uploads\/2026\/04\/google_maps.png)\"><\/div><span aria-hidden=\"true\" class=\"wp-block-cover__background has-background-dim-0 has-background-dim\" style=\"background-color:#f6faf6\"><\/span><div class=\"wp-block-cover__inner-container is-layout-constrained wp-block-cover-is-layout-constrained\">\n<p class=\"has-text-align-center has-large-font-size\"><\/p>\n<\/div><\/div>\n","protected":false},"excerpt":{"rendered":"<p>DIENSTLEISTUNGEN FOTOS NEWS KONTAKTIEREN SIE UNS Unsere Adresse DKT Duisburg Kombiterminal GmbHRotterdamer Str. 49Hafen 7715D &#8211; 47229 Duisburg Zentrale Tel.: +49 \/ 2065 89350 200Fax: +49 \/ 2065 89350 201Mail:&nbsp;rail@dktduisburg.de \u00d6ffnungszeiten Montag &#8211; Freitag: 06:00 &#8211; 21:00hSamstag nach Abstimmung Betriebsleitung Dirk BeranekTelefon +49 \/ 2065 839 99 154Telefax +49 \/ 2065 839 99 156 Gesch\u00e4ftsleitung [&hellip;]<\/p>\n","protected":false},"author":1,"featured_media":0,"parent":0,"menu_order":0,"comment_status":"closed","ping_status":"closed","template":"templates\/template-full-no-title.php","meta":{"footnotes":""},"class_list":["post-5","page","type-page","status-publish","hentry"],"_links":{"self":[{"href":"https:\/\/www.dktduisburg.de\/index.php?rest_route=\/wp\/v2\/pages\/5","targetHints":{"allow":["GET"]}}],"collection":[{"href":"https:\/\/www.dktduisburg.de\/index.php?rest_route=\/wp\/v2\/pages"}],"about":[{"href":"https:\/\/www.dktduisburg.de\/index.php?rest_route=\/wp\/v2\/types\/page"}],"author":[{"embeddable":true,"href":"https:\/\/www.dktduisburg.de\/index.php?rest_route=\/wp\/v2\/users\/1"}],"replies":[{"embeddable":true,"href":"https:\/\/www.dktduisburg.de\/index.php?rest_route=%2Fwp%2Fv2%2Fcomments&post=5"}],"version-history":[{"count":133,"href":"https:\/\/www.dktduisburg.de\/index.php?rest_route=\/wp\/v2\/pages\/5\/revisions"}],"predecessor-version":[{"id":398,"href":"https:\/\/www.dktduisburg.de\/index.php?rest_route=\/wp\/v2\/pages\/5\/revisions\/398"}],"wp:attachment":[{"href":"https:\/\/www.dktduisburg.de\/index.php?rest_route=%2Fwp%2Fv2%2Fmedia&parent=5"}],"curies":[{"name":"wp","href":"https:\/\/api.w.org\/{rel}","templated":true}]}}